{"id":13530,"date":"2025-10-29T14:24:39","date_gmt":"2025-10-29T13:24:39","guid":{"rendered":"https:\/\/schwarzkitchen.com\/warranty-policy\/"},"modified":"2025-10-29T14:46:29","modified_gmt":"2025-10-29T13:46:29","slug":"warranty-policy","status":"publish","type":"page","link":"https:\/\/schwarzkitchen.com\/en\/warranty-policy\/","title":{"rendered":"Warranty policy"},"content":{"rendered":"\t\t<div data-elementor-type=\"wp-page\" data-elementor-id=\"13530\" class=\"elementor elementor-13530 elementor-13516\" data-elementor-post-type=\"page\">\n\t\t\t\t<div class=\"elementor-element elementor-element-822ea3f e-con-full e-flex e-con e-parent\" data-id=\"822ea3f\" data-element_type=\"container\" data-settings=\"{&quot;background_background&quot;:&quot;slideshow&quot;,&quot;background_slideshow_gallery&quot;:[{&quot;id&quot;:764,&quot;url&quot;:&quot;https:\\\/\\\/schwarzkitchen.com\\\/wp-content\\\/uploads\\\/2024\\\/04\\\/WhatsApp-Image-2024-04-22-a-22.01.15_03377422.jpg&quot;}],&quot;background_slideshow_loop&quot;:&quot;yes&quot;,&quot;background_slideshow_slide_duration&quot;:5000,&quot;background_slideshow_slide_transition&quot;:&quot;fade&quot;,&quot;background_slideshow_transition_duration&quot;:500}\">\n\t\t<div class=\"elementor-element elementor-element-daa2dc3 e-flex e-con-boxed e-con e-child\" data-id=\"daa2dc3\" data-element_type=\"container\">\n\t\t\t\t\t<div class=\"e-con-inner\">\n\t\t\t\t\t<\/div>\n\t\t\t\t<\/div>\n\t\t\t\t<\/div>\n\t\t\t\t<section class=\"elementor-section elementor-top-section elementor-element elementor-element-8d3626b elementor-section-boxed elementor-section-height-default elementor-section-height-default\" data-id=\"8d3626b\" data-element_type=\"section\">\n\t\t\t\t\t\t<div class=\"elementor-container elementor-column-gap-extended\">\n\t\t\t\t\t<div class=\"elementor-column elementor-col-100 elementor-top-column elementor-element elementor-element-f85c06f\" data-id=\"f85c06f\" data-element_type=\"column\">\n\t\t\t<div class=\"elementor-widget-wrap elementor-element-populated\">\n\t\t\t\t\t\t<div class=\"elementor-element elementor-element-36ffd88 elementor-widget elementor-widget-text-editor\" data-id=\"36ffd88\" data-element_type=\"widget\" data-widget_type=\"text-editor.default\">\n\t\t\t\t<div class=\"elementor-widget-container\">\n\t\t\t<style>\/*! elementor - v3.21.0 - 26-05-2024 *\/\n.elementor-widget-text-editor.elementor-drop-cap-view-stacked .elementor-drop-cap{background-color:#69727d;color:#fff}.elementor-widget-text-editor.elementor-drop-cap-view-framed .elementor-drop-cap{color:#69727d;border:3px solid;background-color:transparent}.elementor-widget-text-editor:not(.elementor-drop-cap-view-default) .elementor-drop-cap{margin-top:8px}.elementor-widget-text-editor:not(.elementor-drop-cap-view-default) .elementor-drop-cap-letter{width:1em;height:1em}.elementor-widget-text-editor .elementor-drop-cap{float:left;text-align:center;line-height:1;font-size:50px}.elementor-widget-text-editor .elementor-drop-cap-letter{display:inline-block}<\/style>\t\t\t\t<p><\/p>\n<h2>WARRANTY POLICY<\/h2>\n<p><span style=\"font-weight: 400;\">Schwarz Kitchen garantit la qualit\u00e9 des mat\u00e9riaux utilis\u00e9s et l\u2019absence de vice de fabrication pour une p\u00e9riode <\/span><span style=\"font-weight: 400;\">de deux ans <\/span> <span style=\"font-weight: 400;\">from date of purchase from an authorized Schwarz Kitchen partner or dealer. We reserve the right, at our discretion, to repair or replace any device that does not conform to this warranty when used as intended and in accordance with maintenance instructions. Schwarz Kitchen may require original proof of purchase to verify the date of purchase. If the product is used for purposes other than those for which it was intended, or if original parts are replaced, no warranty is given.&nbsp;<\/span><\/p>\n<h2>GARANTIEBEDINGUNGEN<\/h2>\n<p><span style=\"font-weight: 400;\">Schwarz Kitchen bietet eine Garantie von zwei Jahren auf Material- und Verarbeitungsfehler ab dem Datum, an dem das Schwarz Kitchen-Ger\u00e4t bei Schwarz Kitchen oder einem autorisierten Schwarz Kitchen-Verk\u00e4ufer oder Schwarz Kitchen-Partner erworben wurde. Ger\u00e4te, die bei normalem Gebrauch und bei Befolgung der Pflegehinweise M\u00e4ngel aufweisen, werden nach unserem Ermessen im Rahmen dieser Garantie repariert bzw. ersetzt. Schwarz Kitchen kann die Vorlage des urspr\u00fcnglichen Kaufbelegs verlangen, aus dem das Kaufdatum hervorgeht. Wird das Produkt nicht bestimmungsgem\u00e4ss oder f\u00fcr einen anderen als den vorgesehenen Gebrauch verwendet und werden die Originalteile ausgetauscht, besteht kein Anspruch auf Garantie.&nbsp;<\/span><\/p>\n<h2>WARRANTY POLICY&nbsp;<\/h2>\n<p><span style=\"font-weight: 400;\">Schwarz Kitchen guarantees that your Schwarz Kitchen device will be free from defects in materials and workmanship for a period of two years from the date of purchase from Schwarz Kitchen or an authorised Schwarz Kitchen reseller or partner. We will, at our discretion, repair or replace any device that fails to comply with this warranty under normal use and following care instructions.&nbsp;<\/span>Schwarz Kitchen<span style=\"font-weight: 400;\"> may require presentation of the original proof of purchase to verify the purchase date.<\/span> <span style=\"font-weight: 400;\">Any improper use of the product or use for purposes other than those intended and the replacement of original parts shall not entitle the user to any warranty. <\/span> <\/p>\t\t\t\t\t\t<\/div>\n\t\t\t\t<\/div>\n\t\t\t\t\t<\/div>\n\t\t<\/div>\n\t\t\t\t\t<\/div>\n\t\t<\/section>\n\t\t\t\t<\/div>\n\t\t","protected":false},"excerpt":{"rendered":"<p>WARRANTY POLICY Schwarz Kitchen garantit la qualit\u00e9 des mat\u00e9riaux utilis\u00e9s et l\u2019absence de vice de fabrication pour une p\u00e9riode de deux ans from date of purchase from an authorized Schwarz Kitchen partner or dealer. We reserve the right, at our discretion, to repair or replace any device that does not conform to this warranty when [&hellip;]<\/p>\n","protected":false},"author":1,"featured_media":0,"parent":0,"menu_order":0,"comment_status":"closed","ping_status":"closed","template":"","meta":{"footnotes":""},"class_list":["post-13530","page","type-page","status-publish","hentry"],"_links":{"self":[{"href":"https:\/\/schwarzkitchen.com\/en\/wp-json\/wp\/v2\/pages\/13530","targetHints":{"allow":["GET"]}}],"collection":[{"href":"https:\/\/schwarzkitchen.com\/en\/wp-json\/wp\/v2\/pages"}],"about":[{"href":"https:\/\/schwarzkitchen.com\/en\/wp-json\/wp\/v2\/types\/page"}],"author":[{"embeddable":true,"href":"https:\/\/schwarzkitchen.com\/en\/wp-json\/wp\/v2\/users\/1"}],"replies":[{"embeddable":true,"href":"https:\/\/schwarzkitchen.com\/en\/wp-json\/wp\/v2\/comments?post=13530"}],"version-history":[{"count":2,"href":"https:\/\/schwarzkitchen.com\/en\/wp-json\/wp\/v2\/pages\/13530\/revisions"}],"predecessor-version":[{"id":13539,"href":"https:\/\/schwarzkitchen.com\/en\/wp-json\/wp\/v2\/pages\/13530\/revisions\/13539"}],"wp:attachment":[{"href":"https:\/\/schwarzkitchen.com\/en\/wp-json\/wp\/v2\/media?parent=13530"}],"curies":[{"name":"wp","href":"https:\/\/api.w.org\/{rel}","templated":true}]}}